{"id":66,"date":"2026-03-16T09:06:05","date_gmt":"2026-03-16T08:06:05","guid":{"rendered":"https:\/\/usegalitaire.fr\/?page_id=66"},"modified":"2026-03-23T10:15:54","modified_gmt":"2026-03-23T09:15:54","slug":"nos-activites-2","status":"publish","type":"page","link":"https:\/\/usegalitaire.fr\/index.php\/nos-activites-2\/","title":{"rendered":"Activit\u00e9s"},"content":{"rendered":"\n<div class=\"wp-block-group\"><div class=\"wp-block-group__inner-container is-layout-constrained wp-block-group-is-layout-constrained\">\n<figure class=\"wp-block-table is-style-regular\"><table class=\"has-fixed-layout\"><tbody><tr><td>Lundi<\/td><td>Mardi<\/td><td>Mercredi<\/td><td>Jeudi<\/td><td>Vendredi<\/td><td>Samedi<\/td><td>Dimanche<\/td><\/tr><tr><td><mark style=\"background-color:rgba(0, 0, 0, 0)\" class=\"has-inline-color has-black-color\">SHOW<br>14h \u00e0 18h<\/mark><\/td><td>TBF<br>14h \u00e0 18h<\/td><td>FOOT<br>13h \u00e0 21h30<\/td><td><\/td><td>BAD<br>18h \u00e0 20h<\/td><td>GR<br>10h \u00e0 17h<\/td><td>MN<br>9h \u00e0 11h<\/td><\/tr><tr><td>FOOT<br>17h30 \u00e0 21h30<\/td><td>FOOT<br>17h30 \u00e0 22h<\/td><td>GR<br>13h \u00e0 21h<\/td><td>FOOT<br>18h30 \u00e0 22h30<\/td><td>BXF<br>18h30 \u00e0 20h30<\/td><td>CRI<br>10h \u00e0 17h<\/td><td>GR<br>9h \u00e0 14h<\/td><\/tr><tr><td>GR<br>18h \u00e0 20h<\/td><td>GR<br>18h \u00e0 20h<\/td><td>TT<br>14h \u00e0 16h<\/td><td>TT<br>18h \u00e0 20h<\/td><td>FLE<br>20h \u00e0 22h<\/td><td>ATSCAF<br><\/td><td>CRI<br>10h \u00e0 17h<\/td><\/tr><tr><td>BXF<br>18h30 \u00e0 20h<\/td><td>TT<br>20h \u00e0 22h<\/td><td>CLA<br>18h \u00e0 22h<\/td><td><a href=\"https:\/\/usegalitaire.fr\/index.php\/tennis-de-table\/\" data-type=\"page\" data-id=\"42\"><mark style=\"background-color:#88ccff\" class=\"has-inline-color has-black-color\">TT<br>20h \u00e0 22h<\/mark><\/a><\/td><td><\/td><td><\/td><td>BAD<br>15h \u00e0 17h<\/td><\/tr><tr><td><mark style=\"background-color:#88ccff\" class=\"has-inline-color has-black-color\"><a href=\"https:\/\/usegalitaire.fr\/index.php\/tennis-de-table\/\" data-type=\"page\" data-id=\"42\">TT<br>20h \u00e0 22h<\/a><\/mark><\/td><td><\/td><td>BEST (ATSCAF)<br>19h \u00e0 24h<\/td><td><\/td><td><\/td><td><\/td><td>BAD<br>17h \u00e0 20h<\/td><\/tr><\/tbody><\/table><\/figure>\n<\/div><\/div>\n\n\n\n<p><\/p>\n","protected":false},"excerpt":{"rendered":"<p>Lundi Mardi Mercredi Jeudi Vendredi Samedi Dimanche SHOW14h \u00e0 18h TBF14h \u00e0 18h FOOT13h \u00e0 21h30 BAD18h \u00e0 20h GR10h \u00e0 17h MN9h \u00e0 11h FOOT17h30 \u00e0 21h30 FOOT17h30 \u00e0 22h GR13h \u00e0 21h FOOT18h30 \u00e0 22h30 BXF18h30 \u00e0 20h30 &hellip; <a href=\"https:\/\/usegalitaire.fr\/index.php\/nos-activites-2\/\">Lire la suite\u00ad\u00ad<\/a><\/p>\n","protected":false},"author":1,"featured_media":0,"parent":0,"menu_order":0,"comment_status":"closed","ping_status":"closed","template":"","meta":{"kt_blocks_editor_width":"","footnotes":""},"class_list":["post-66","page","type-page","status-publish","hentry"],"_links":{"self":[{"href":"https:\/\/usegalitaire.fr\/index.php\/wp-json\/wp\/v2\/pages\/66","targetHints":{"allow":["GET"]}}],"collection":[{"href":"https:\/\/usegalitaire.fr\/index.php\/wp-json\/wp\/v2\/pages"}],"about":[{"href":"https:\/\/usegalitaire.fr\/index.php\/wp-json\/wp\/v2\/types\/page"}],"author":[{"embeddable":true,"href":"https:\/\/usegalitaire.fr\/index.php\/wp-json\/wp\/v2\/users\/1"}],"replies":[{"embeddable":true,"href":"https:\/\/usegalitaire.fr\/index.php\/wp-json\/wp\/v2\/comments?post=66"}],"version-history":[{"count":21,"href":"https:\/\/usegalitaire.fr\/index.php\/wp-json\/wp\/v2\/pages\/66\/revisions"}],"predecessor-version":[{"id":110,"href":"https:\/\/usegalitaire.fr\/index.php\/wp-json\/wp\/v2\/pages\/66\/revisions\/110"}],"wp:attachment":[{"href":"https:\/\/usegalitaire.fr\/index.php\/wp-json\/wp\/v2\/media?parent=66"}],"curies":[{"name":"wp","href":"https:\/\/api.w.org\/{rel}","templated":true}]}}