{"id":2,"date":"2026-02-25T14:49:40","date_gmt":"2026-02-25T14:49:40","guid":{"rendered":"http:\/\/jxttgyc.cluster121.hosting.ovh.net\/?page_id=2"},"modified":"2026-03-16T08:59:59","modified_gmt":"2026-03-16T07:59:59","slug":"sample-page","status":"publish","type":"page","link":"https:\/\/usegalitaire.fr\/","title":{"rendered":"Le club"},"content":{"rendered":"\n<ul id=\"block-9d52962a-9b07-4991-a7f4-47c809e5692a\" class=\"wp-block-list\">\n<li>Agr\u00e9\u00e9 par le Minist\u00e8re de la Jeunesse et des Sports<\/li>\n\n\n\n<li>Affili\u00e9\u00a0ANCV<\/li>\n<\/ul>\n\n\n\n<p><\/p>\n","protected":false},"excerpt":{"rendered":"","protected":false},"author":1,"featured_media":0,"parent":0,"menu_order":0,"comment_status":"closed","ping_status":"open","template":"","meta":{"kt_blocks_editor_width":"","footnotes":""},"class_list":["post-2","page","type-page","status-publish","hentry"],"_links":{"self":[{"href":"https:\/\/usegalitaire.fr\/index.php\/wp-json\/wp\/v2\/pages\/2","targetHints":{"allow":["GET"]}}],"collection":[{"href":"https:\/\/usegalitaire.fr\/index.php\/wp-json\/wp\/v2\/pages"}],"about":[{"href":"https:\/\/usegalitaire.fr\/index.php\/wp-json\/wp\/v2\/types\/page"}],"author":[{"embeddable":true,"href":"https:\/\/usegalitaire.fr\/index.php\/wp-json\/wp\/v2\/users\/1"}],"replies":[{"embeddable":true,"href":"https:\/\/usegalitaire.fr\/index.php\/wp-json\/wp\/v2\/comments?post=2"}],"version-history":[{"count":7,"href":"https:\/\/usegalitaire.fr\/index.php\/wp-json\/wp\/v2\/pages\/2\/revisions"}],"predecessor-version":[{"id":65,"href":"https:\/\/usegalitaire.fr\/index.php\/wp-json\/wp\/v2\/pages\/2\/revisions\/65"}],"wp:attachment":[{"href":"https:\/\/usegalitaire.fr\/index.php\/wp-json\/wp\/v2\/media?parent=2"}],"curies":[{"name":"wp","href":"https:\/\/api.w.org\/{rel}","templated":true}]}}