{"id":15,"date":"2026-03-05T16:08:06","date_gmt":"2026-03-05T15:08:06","guid":{"rendered":"https:\/\/usegalitaire.fr\/?page_id=15"},"modified":"2026-03-06T12:04:09","modified_gmt":"2026-03-06T11:04:09","slug":"direction","status":"publish","type":"page","link":"https:\/\/usegalitaire.fr\/index.php\/direction\/","title":{"rendered":"Direction"},"content":{"rendered":"\n<ul id=\"block-d20e2f42-abab-4a94-a843-52175ceaf26e\" class=\"wp-block-list\">\n<li>Pr\u00e9sidente G\u00e9n\u00e9rale :\u00a0<strong>Anne-Marie\u00a0Kleemann-Wintz<\/strong>\u00a0\/ 03 88 66 62 44 \u2013 06 03 61 25 46 \u2013\u00a0<a href=\"mailto:bam.klee@wanadoo.fr\">bam.klee@wanadoo.fr<\/a><br>Pr\u00e9sident d\u2019Honneur :\u00a0<\/li>\n\n\n\n<li>Vice-pr\u00e9sident :\u00a0<strong>Raymond Hanss<\/strong>\u00a0\/ 03 69 26 72 27 \u2013 06 10 39 68 81 \u2013\u00a0<a href=\"mailto:rayhanss@estvideo.fr\">rayhanss@estvideo.fr<\/a><br>Vice-pr\u00e9sident d\u2019Honneur :\u00a0<\/li>\n\n\n\n<li>Secr\u00e9taire G\u00e9n\u00e9ral :\u00a0<\/li>\n\n\n\n<li>Tr\u00e9sorier G\u00e9n\u00e9ral :\u00a0<strong>Madeleine Gesualdi<\/strong>\u00a0\/ 06 08 37 94 74 \u2013\u00a0<a href=\"mailto:roland.marteel@gmail.fr\">gesualdi.madeleine@neuf.fr<\/a><br>Tr\u00e9sorier adjoint :\u00a0<\/li>\n<\/ul>\n\n\n\n<ul id=\"block-2da7dacb-45c5-48e7-ab20-e36222879d9f\" class=\"wp-block-list\">\n<li>Responsable Communication &amp; Webmaster :\u00a0<strong>Madeleine Gesualdi<\/strong>\u00a0\/ 06 08 37 94 74 \u2013\u00a0<a href=\"mailto:gesualdi.madeleine@neuf.fr\">gesualdi.madeleine@neuf.fr<\/a><\/li>\n\n\n\n<li>Ev\u00e8nementiel :\u00a0<\/li>\n\n\n\n<li>Attach\u00e9 de presse :\u00a0<\/li>\n\n\n\n<li>Responsable Mat\u00e9riel &amp; Salle des Sports :\u00a0<strong>Jean-Claude Muller<\/strong>\u00a0\/ 06 62 35 04 58 \u2013\u00a0<a href=\"mailto:muller.milo@sfr.fr\">muller.milo@sfr.fr<\/a><\/li>\n\n\n\n<li>Responsable Sonorisation :\u00a0<\/li>\n\n\n\n<li>Responsables de Sections :<\/li>\n<\/ul>\n","protected":false},"excerpt":{"rendered":"","protected":false},"author":1,"featured_media":0,"parent":0,"menu_order":0,"comment_status":"closed","ping_status":"closed","template":"","meta":{"kt_blocks_editor_width":"","footnotes":""},"class_list":["post-15","page","type-page","status-publish","hentry"],"_links":{"self":[{"href":"https:\/\/usegalitaire.fr\/index.php\/wp-json\/wp\/v2\/pages\/15","targetHints":{"allow":["GET"]}}],"collection":[{"href":"https:\/\/usegalitaire.fr\/index.php\/wp-json\/wp\/v2\/pages"}],"about":[{"href":"https:\/\/usegalitaire.fr\/index.php\/wp-json\/wp\/v2\/types\/page"}],"author":[{"embeddable":true,"href":"https:\/\/usegalitaire.fr\/index.php\/wp-json\/wp\/v2\/users\/1"}],"replies":[{"embeddable":true,"href":"https:\/\/usegalitaire.fr\/index.php\/wp-json\/wp\/v2\/comments?post=15"}],"version-history":[{"count":2,"href":"https:\/\/usegalitaire.fr\/index.php\/wp-json\/wp\/v2\/pages\/15\/revisions"}],"predecessor-version":[{"id":18,"href":"https:\/\/usegalitaire.fr\/index.php\/wp-json\/wp\/v2\/pages\/15\/revisions\/18"}],"wp:attachment":[{"href":"https:\/\/usegalitaire.fr\/index.php\/wp-json\/wp\/v2\/media?parent=15"}],"curies":[{"name":"wp","href":"https:\/\/api.w.org\/{rel}","templated":true}]}}